{"id":495,"date":"2015-03-24T07:41:36","date_gmt":"2015-03-24T06:41:36","guid":{"rendered":"http:\/\/193.2.222.245\/adswp2\/?page_id=495"},"modified":"2025-03-19T09:05:06","modified_gmt":"2025-03-19T08:05:06","slug":"viri","status":"publish","type":"page","link":"https:\/\/www.arhivsko-drustvo.si\/en\/viri\/","title":{"rendered":"Viri"},"content":{"rendered":"\n<p>The series VIRI, first published in 1980, is an\nimportant contribution to the study of primary sources and Slovene\nhistoriography.<\/p>\n\n\n\n<p>In 1972, the Section for General and National History\nat the Institute of History of the Slovenian Academy of Sciences and Arts\n(SAZU) and the Archival Society of Slovenia initiated the establishment of the\nseries VIRI, stating that &#8220;critical editions of important sources are\namong the very important tasks of our science&#8221;. The task of realization\nwas entrusted to the Archival Society of Slovenia.<\/p>\n\n\n\n<p>The purpose of the series is to publish important\nsources for Slovene history, in critical editions, governed by the principles\nas applied in the scientific world, with introductions, transcriptions (where\nappropriate), notes and explanations.<\/p>\n\n\n\n<p>VIRI is financed by the Ministry of Culture of the\nRepublic of Slovenia.<\/p>\n\n\n\n<p><strong>EDITORIAL OFFICE<\/strong><br>ARHIVI, Archival Society of Slovenia<br>Poljanska cesta 40, SI-1000 Ljubljana<br> e <a href=\"mailto:viri@arhivsko-drustvo.si\">viri@arhivsko-drustvo.si<\/a><br> t + 386 (0)2 787 97 37<br> url <a href=\"?page_id=495\">www.arhivsko-drustvo.si\/en\/viri<\/a><br> fb <a href=\"https:\/\/sl-si.facebook.com\/pages\/category\/Non-Governmental-Organization--NGO-\/Arhivsko-dru%C5%A1tvo-Slovenije-499724203461763\/\">Facebook\/Arhivsko<br>dru\u0161tvo Slovenije<\/a><\/p>\n\n\n\n<p><strong>EDITORIAL BOARD<\/strong><br>Editor-in-Chief: Dejan Zadravec, PhD (Historical Archives Ptuj)<br>Matej Mu\u017eeni\u010d (Regional Archives Koper)<br>Lilijana Urlep, MPhil (Archdiocesan Archive in Maribor)<br>Aleksander \u017di\u017eek, PhD (Historical Archives Celje)<br>President of the Society by mandate<\/p>\n\n\n\n<p><strong>So far, 47 issues have been published<\/strong><\/p>\n\n\n\n<figure class=\"wp-block-table alignleft is-style-stripes\"><table><tbody><tr><td><a href=\"https:\/\/www.arhivsko-drustvo.si\/wp-content\/uploads\/2025\/03\/viri_47_internet.pdf\">Viri no. 47<\/a><\/td><td><a href=\"https:\/\/www.arhivsko-drustvo.si\/wp-content\/uploads\/2025\/03\/viri_47_internet.pdf\">Lilijana Urlep, Opisa lavantinske \u0161kofije iz leta 1702 in leta 1790<\/a><\/td><\/tr><tr><td><a href=\"http:\/\/www.arhivsko-drustvo.si\/wp-content\/uploads\/2024\/05\/viri_46_internet.pdf\">Viri no. 46<\/a><\/td><td><a href=\"http:\/\/www.arhivsko-drustvo.si\/wp-content\/uploads\/2024\/05\/viri_46_internet.pdf\">Branko Vnuk, Ptujska minoritska kronika samostanskega bibliotekarja Ludvika Pe\u010dka in leta 1861<\/a><\/td><\/tr><tr><td>  <a href=\"http:\/\/www.arhivsko-drustvo.si\/wp-content\/uploads\/2023\/01\/viri_45_internet.pdf\">Viri no. 45<\/a><\/td><td><a href=\"http:\/\/www.arhivsko-drustvo.si\/wp-content\/uploads\/2023\/01\/viri_45_internet.pdf\">Nata\u0161a Budna Kodri\u010d, Korespondenca Jo\u017eefine in Fidelija Terpinc II, Pisma za Jo\u017eefino (pred 1821-1871)<\/a><\/td><\/tr><tr><td>   <a href=\"http:\/\/www.arhivsko-drustvo.si\/wp-content\/uploads\/2021\/12\/viri_44_internet.pdf\">Viri no.   44<\/a>   <\/td><td>\n  <a href=\"http:\/\/www.arhivsko-drustvo.si\/wp-content\/uploads\/2021\/12\/viri_44_internet.pdf\">France\n  Martin Dolinar, Ljubljanska \u0161kofija v dokumentih (nad)\u0161kofa Antona Vovka\n  Svetemu sede\u017eu 1945-1963<\/a>\n  <\/td><\/tr><tr><td>  <a href=\"http:\/\/www.arhivsko-drustvo.si\/wp-content\/uploads\/2020\/12\/viri_43_internet.pdf\"> Viri no.   43<\/a>   <\/td><td>\n  <a href=\"http:\/\/www.arhivsko-drustvo.si\/wp-content\/uploads\/2020\/12\/viri_43_internet.pdf\">Jure\n  Vol\u010djak, Ordinacijski zapisniki Oglejskega patriarhata za slovensko ozemlje v\n  18. stoletju (1701-1749)<\/a>\n  <\/td><\/tr><tr><td>\n  <a href=\"http:\/\/www.arhivsko-drustvo.si\/wp-content\/uploads\/2019\/11\/viri_42_internet.pdf\">Viri\n  no. 42<\/a>\n  <\/td><td>\n  <a href=\"http:\/\/www.arhivsko-drustvo.si\/wp-content\/uploads\/2019\/11\/viri_42_internet.pdf\">Aleksandra\n  Ga\u010di\u0107, Ko zatonejo sanje romanti\u010dnega Jugoslovana &#8211; izseljenski dnevnik dr.\n  Bogumila Vo\u0161njaka<\/a>\n  <\/td><\/tr><tr><td>\n  <a href=\"Viri_p\/Viri_41.pdf\">Viri no. 41<\/a>\n  <\/td><td>\n  <a href=\"\/wp-content\/uploads\/Viri_p\/Viri_41.pdf\">Nata\u0161a Budna Kodri\u010d,\n  Korespondenca Jo\u017eefine in Fidelija Terpinc (1825-1858)<\/a>\n  <\/td><\/tr><tr><td>\n  <a href=\"\/wp-content\/uploads\/Viri_p\/Viri_40.pdf\">Viri no. 40<\/a>\n  <\/td><td>\n  <a href=\"\/wp-content\/uploads\/Viri_p\/Viri_40.pdf\">Katarina Kra\u0161evac, Zapisnik\n  odborovih sej pevskega in glasbenega dru\u0161tva v Trstu 1909-1923<\/a>\n  <\/td><\/tr><tr><td>\n  <a href=\"\/wp-content\/uploads\/Viri_p\/Viri_39.pdf\">Viri no. 39<\/a>\n  <\/td><td>\n  <a href=\"\/wp-content\/uploads\/Viri_p\/Viri_39.pdf\">Jure Vol\u010djak, Ordinacijska\n  protokola ljubljanske (nad)\u0161kofije 1711-1824. 2. del: 1761-1824<\/a>\n  <\/td><\/tr><tr><td>\n  <a href=\"\/wp-content\/uploads\/Viri_p\/Viri_38.pdf\">Viri no. 38<\/a>\n  <\/td><td>\n  <a href=\"\/wp-content\/uploads\/Viri_p\/Viri_38.pdf\">Pavel \u010celik, Cesarsko-kraljeva\n  finan\u010dna stra\u017ea na Slovenskem (1843-1918)<\/a>\n  <\/td><\/tr><tr><td>\n  <a href=\"\/wp-content\/uploads\/Viri_p\/Viri_37.pdf\">Viri no. 37<\/a>\n  <\/td><td>\n  <a href=\"\/wp-content\/uploads\/Viri_p\/Viri_37.pdf\">Aida \u0160koro Babi\u0107 &#8211; Matev\u017e\n  Ko\u0161ir, Spomini Josipa Breznika od konca 19. stoletja do druge svetovne vojne<\/a>\n  <\/td><\/tr><tr><td>\n  <a href=\"\/wp-content\/uploads\/Viri_p\/Viri_36.pdf\">Viri no. 36<\/a>\n  <\/td><td>\n  <a href=\"\/wp-content\/uploads\/Viri_p\/Viri_36.pdf\">Jure Vol\u010djak, Ordinacijska\n  protokola ljubljanske (nad)\u0161kofije 1711-1824.1. del: 1711-1756<\/a>\n  <\/td><\/tr><tr><td>\n  <a href=\"\/wp-content\/uploads\/Viri_p\/Viri_35.pdf\">Viri no. 35<\/a>\n  <\/td><td>\n  <a href=\"\/wp-content\/uploads\/Viri_p\/Viri_35.pdf\">Dejan Zadravec, Zastave in\n  prodaje de\u017eelnokne\u017ejih posesti in prihodkov v spodnjeavstrijskih de\u017eelah v\n  prvi polovici 16. stoletja<\/a>\n  <\/td><\/tr><tr><td>\n  <a href=\"\/wp-content\/uploads\/Viri_p\/Viri_34.pdf\">Viri no. 34<\/a>\n  <\/td><td>\n  <a href=\"\/wp-content\/uploads\/Viri_p\/Viri_34.pdf\">Jure Vol\u010djak, Ordinacijska\n  protokola gori\u0161ke nad\u0161kofije 1750-1824. 2. del: 1765&#8212;1824<\/a>\n  <\/td><\/tr><tr><td>\n  <a href=\"\/wp-content\/uploads\/Viri_p\/Viri_33.pdf\">Viri no. 33<\/a>\n  <\/td><td>\n  <a href=\"\/wp-content\/uploads\/Viri_p\/Viri_33.pdf\">Flavio Bonin, Piranske solne\n  pogodbe (1375&#8212;1782)<\/a>\n  <\/td><\/tr><tr><td>\n  <a href=\"\/wp-content\/uploads\/Viri_p\/Viri_32.pdf\">Viri no. 32<\/a>\n  <\/td><td>\n  <a href=\"\/wp-content\/uploads\/Viri_p\/Viri_32.pdf\">Ljuba Dornik \u0160ubelj, Prijatelj\n  ali sovra\u017enik? Dokumenti o stikih med Edom Brajnikom in Danom Shaikejem\n  (1944&#8211;1980)<\/a>\n  <\/td><\/tr><tr><td>\n  <a href=\"\/wp-content\/uploads\/Viri_p\/Viri_31.pdf\">Viri no. 31<\/a>\n  <\/td><td>\n  <a href=\"\/wp-content\/uploads\/Viri_p\/Viri_31.pdf\">Jure Vol\u010djak, Ordinacijska\n  protokola gori\u0161ke nad\u0161kofije 1750-1824. l. del: 1750&#8211;1764<\/a>\n  <\/td><\/tr><tr><td>\n  <a href=\"\/wp-content\/uploads\/Viri_p\/Viri_30.pdf\">Viri no. 30<\/a>\n  <\/td><td>\n  <a href=\"\/wp-content\/uploads\/Viri_p\/Viri_30.pdf\">Matja\u017e Ambro\u017ei\u010d, Spomini in\n  Semeni\u0161ka kronika 1941-1944 Ignacija Nadraha<\/a>\n  <\/td><\/tr><\/tbody><\/table><\/figure>\n","protected":false},"excerpt":{"rendered":"<p>The series VIRI, first published in 1980, is an important contribution to the study of primary sources and Slovene historiography. In 1972, the Section for General and National History at the Institute of History of the Slovenian Academy of Sciences and Arts (SAZU) and the Archival Society of Slovenia initiated the establishment of the series [&hellip;]<\/p>\n","protected":false},"author":3,"featured_media":0,"parent":0,"menu_order":16,"comment_status":"closed","ping_status":"closed","template":"","meta":{"footnotes":""},"_links":{"self":[{"href":"https:\/\/www.arhivsko-drustvo.si\/en\/wp-json\/wp\/v2\/pages\/495"}],"collection":[{"href":"https:\/\/www.arhivsko-drustvo.si\/en\/wp-json\/wp\/v2\/pages"}],"about":[{"href":"https:\/\/www.arhivsko-drustvo.si\/en\/wp-json\/wp\/v2\/types\/page"}],"author":[{"embeddable":true,"href":"https:\/\/www.arhivsko-drustvo.si\/en\/wp-json\/wp\/v2\/users\/3"}],"replies":[{"embeddable":true,"href":"https:\/\/www.arhivsko-drustvo.si\/en\/wp-json\/wp\/v2\/comments?post=495"}],"version-history":[{"count":53,"href":"https:\/\/www.arhivsko-drustvo.si\/en\/wp-json\/wp\/v2\/pages\/495\/revisions"}],"predecessor-version":[{"id":4309,"href":"https:\/\/www.arhivsko-drustvo.si\/en\/wp-json\/wp\/v2\/pages\/495\/revisions\/4309"}],"wp:attachment":[{"href":"https:\/\/www.arhivsko-drustvo.si\/en\/wp-json\/wp\/v2\/media?parent=495"}],"curies":[{"name":"wp","href":"https:\/\/api.w.org\/{rel}","templated":true}]}}